{"id":2229,"date":"2024-03-06T07:23:59","date_gmt":"2024-03-06T07:23:59","guid":{"rendered":"http:\/\/54.93.101.95\/product\/outdoor-box\/"},"modified":"2025-12-18T08:48:37","modified_gmt":"2025-12-18T08:48:37","slug":"outdoor-box","status":"publish","type":"product","link":"https:\/\/tr.grungard.com\/en\/products\/outdoor-box\/","title":{"rendered":"Outdoor Box"},"content":{"rendered":"","protected":false},"excerpt":{"rendered":"<p>You can purchase the outdoor enclosure for the 24V Gr\u00fcngard and its adapter to use them in wet and humid environments, providing superior protection with its IP67 feature. It is suitable for wall mounting.<\/p>\n","protected":false},"featured_media":1806,"template":"","meta":[],"product_brand":[],"product_cat":[248],"product_tag":[],"class_list":{"0":"post-2229","1":"product","2":"type-product","3":"status-publish","4":"has-post-thumbnail","6":"product_cat-accessories","8":"first","9":"instock","10":"taxable","11":"shipping-taxable","12":"purchasable","13":"product-type-simple"},"yoast_head":"<!-- This site is optimized with the Yoast SEO Premium plugin v26.6 (Yoast SEO v27.5) - https:\/\/yoast.com\/product\/yoast-seo-premium-wordpress\/ -->\n<title>Outdoor Box - Gr\u00fcngard<\/title>\n<meta name=\"description\" content=\"Outdoor enclosure - a water- and dust-resistant protective case. Safely protect your 9V\/24V irrigation devices outdoors. Easy installation, extra security!\" \/>\n<meta name=\"robots\" content=\"index, follow, max-snippet:-1, max-image-preview:large, max-video-preview:-1\" \/>\n<link rel=\"canonical\" href=\"https:\/\/grungard.com.tr\/en\/products\/outdoor-box\/\" \/>\n<meta property=\"og:locale\" content=\"en_US\" \/>\n<meta property=\"og:type\" content=\"article\" \/>\n<meta property=\"og:title\" content=\"Outdoor Box\" \/>\n<meta property=\"og:description\" content=\"Outdoor enclosure - a water- and dust-resistant protective case. Safely protect your 9V\/24V irrigation devices outdoors. Easy installation, extra security!\" \/>\n<meta property=\"og:url\" content=\"https:\/\/grungard.com.tr\/en\/products\/outdoor-box\/\" \/>\n<meta property=\"og:site_name\" content=\"Gr\u00fcngard\" \/>\n<meta property=\"article:publisher\" content=\"https:\/\/www.facebook.com\/GrungardTR\" \/>\n<meta property=\"article:modified_time\" content=\"2025-12-18T08:48:37+00:00\" \/>\n<meta property=\"og:image\" content=\"https:\/\/grungard.com.tr\/wp-content\/uploads\/outdoor-box.png\" \/>\n\t<meta property=\"og:image:width\" content=\"1000\" \/>\n\t<meta property=\"og:image:height\" content=\"1000\" \/>\n\t<meta property=\"og:image:type\" content=\"image\/png\" \/>\n<meta name=\"twitter:card\" content=\"summary_large_image\" \/>\n<meta name=\"twitter:site\" content=\"@GrungardTR\" \/>\n<meta name=\"twitter:label1\" content=\"Est. reading time\" \/>\n\t<meta name=\"twitter:data1\" content=\"1 minute\" \/>\n<script type=\"application\/ld+json\" class=\"yoast-schema-graph\">{\"@context\":\"https:\\\/\\\/schema.org\",\"@graph\":[{\"@type\":\"WebPage\",\"@id\":\"https:\\\/\\\/grungard.com.tr\\\/en\\\/products\\\/outdoor-box\\\/\",\"url\":\"https:\\\/\\\/grungard.com.tr\\\/en\\\/products\\\/outdoor-box\\\/\",\"name\":\"Outdoor Box - Gr\u00fcngard\",\"isPartOf\":{\"@id\":\"https:\\\/\\\/grungard.com.tr\\\/#website\"},\"primaryImageOfPage\":{\"@id\":\"https:\\\/\\\/grungard.com.tr\\\/en\\\/products\\\/outdoor-box\\\/#primaryimage\"},\"image\":{\"@id\":\"https:\\\/\\\/grungard.com.tr\\\/en\\\/products\\\/outdoor-box\\\/#primaryimage\"},\"thumbnailUrl\":\"https:\\\/\\\/tr.grungard.com\\\/wp-content\\\/uploads\\\/outdoor-box.png\",\"datePublished\":\"2024-03-06T07:23:59+00:00\",\"dateModified\":\"2025-12-18T08:48:37+00:00\",\"description\":\"Outdoor enclosure - a water- and dust-resistant protective case. Safely protect your 9V\\\/24V irrigation devices outdoors. Easy installation, extra security!\",\"breadcrumb\":{\"@id\":\"https:\\\/\\\/grungard.com.tr\\\/en\\\/products\\\/outdoor-box\\\/#breadcrumb\"},\"inLanguage\":\"en-US\",\"potentialAction\":[{\"@type\":\"ReadAction\",\"target\":[\"https:\\\/\\\/grungard.com.tr\\\/en\\\/products\\\/outdoor-box\\\/\"]}]},{\"@type\":\"ImageObject\",\"inLanguage\":\"en-US\",\"@id\":\"https:\\\/\\\/grungard.com.tr\\\/en\\\/products\\\/outdoor-box\\\/#primaryimage\",\"url\":\"https:\\\/\\\/tr.grungard.com\\\/wp-content\\\/uploads\\\/outdoor-box.png\",\"contentUrl\":\"https:\\\/\\\/tr.grungard.com\\\/wp-content\\\/uploads\\\/outdoor-box.png\",\"width\":1000,\"height\":1000},{\"@type\":\"BreadcrumbList\",\"@id\":\"https:\\\/\\\/grungard.com.tr\\\/en\\\/products\\\/outdoor-box\\\/#breadcrumb\",\"itemListElement\":[{\"@type\":\"ListItem\",\"position\":1,\"name\":\"Home\",\"item\":\"https:\\\/\\\/grungard.com.tr\\\/en\\\/\"},{\"@type\":\"ListItem\",\"position\":2,\"name\":\"\u00dcr\u00fcnler\",\"item\":\"https:\\\/\\\/grungard.com.tr\\\/en\\\/shop\\\/\"},{\"@type\":\"ListItem\",\"position\":3,\"name\":\"Outdoor Box\"}]},{\"@type\":\"WebSite\",\"@id\":\"https:\\\/\\\/grungard.com.tr\\\/#website\",\"url\":\"https:\\\/\\\/grungard.com.tr\\\/\",\"name\":\"Gr\u00fcngard\",\"description\":\"Ak\u0131ll\u0131 Sulama Kontrol Sistemleri\",\"publisher\":{\"@id\":\"https:\\\/\\\/grungard.com.tr\\\/#organization\"},\"potentialAction\":[{\"@type\":\"SearchAction\",\"target\":{\"@type\":\"EntryPoint\",\"urlTemplate\":\"https:\\\/\\\/grungard.com.tr\\\/?s={search_term_string}\"},\"query-input\":{\"@type\":\"PropertyValueSpecification\",\"valueRequired\":true,\"valueName\":\"search_term_string\"}}],\"inLanguage\":\"en-US\"},{\"@type\":\"Organization\",\"@id\":\"https:\\\/\\\/grungard.com.tr\\\/#organization\",\"name\":\"Gr\u00fcngard\",\"url\":\"https:\\\/\\\/grungard.com.tr\\\/\",\"logo\":{\"@type\":\"ImageObject\",\"inLanguage\":\"en-US\",\"@id\":\"https:\\\/\\\/grungard.com.tr\\\/#\\\/schema\\\/logo\\\/image\\\/\",\"url\":\"https:\\\/\\\/grungard.com\\\/wp-content\\\/uploads\\\/Grungard_logo_ok.jpg\",\"contentUrl\":\"https:\\\/\\\/grungard.com\\\/wp-content\\\/uploads\\\/Grungard_logo_ok.jpg\",\"width\":439,\"height\":123,\"caption\":\"Gr\u00fcngard\"},\"image\":{\"@id\":\"https:\\\/\\\/grungard.com.tr\\\/#\\\/schema\\\/logo\\\/image\\\/\"},\"sameAs\":[\"https:\\\/\\\/www.facebook.com\\\/GrungardTR\",\"https:\\\/\\\/x.com\\\/GrungardTR\",\"https:\\\/\\\/www.linkedin.com\\\/company\\\/grngard\\\/\",\"https:\\\/\\\/www.instagram.com\\\/grungard_tr\"]}]}<\/script>\n<!-- \/ Yoast SEO Premium plugin. -->","yoast_head_json":{"title":"Outdoor Box - Gr\u00fcngard","description":"Outdoor enclosure - a water- and dust-resistant protective case. Safely protect your 9V\/24V irrigation devices outdoors. Easy installation, extra security!","robots":{"index":"index","follow":"follow","max-snippet":"max-snippet:-1","max-image-preview":"max-image-preview:large","max-video-preview":"max-video-preview:-1"},"canonical":"https:\/\/grungard.com.tr\/en\/products\/outdoor-box\/","og_locale":"en_US","og_type":"article","og_title":"Outdoor Box","og_description":"Outdoor enclosure - a water- and dust-resistant protective case. Safely protect your 9V\/24V irrigation devices outdoors. Easy installation, extra security!","og_url":"https:\/\/grungard.com.tr\/en\/products\/outdoor-box\/","og_site_name":"Gr\u00fcngard","article_publisher":"https:\/\/www.facebook.com\/GrungardTR","article_modified_time":"2025-12-18T08:48:37+00:00","og_image":[{"width":1000,"height":1000,"url":"https:\/\/grungard.com.tr\/wp-content\/uploads\/outdoor-box.png","type":"image\/png"}],"twitter_card":"summary_large_image","twitter_site":"@GrungardTR","twitter_misc":{"Est. reading time":"1 minute"},"schema":{"@context":"https:\/\/schema.org","@graph":[{"@type":"WebPage","@id":"https:\/\/grungard.com.tr\/en\/products\/outdoor-box\/","url":"https:\/\/grungard.com.tr\/en\/products\/outdoor-box\/","name":"Outdoor Box - Gr\u00fcngard","isPartOf":{"@id":"https:\/\/grungard.com.tr\/#website"},"primaryImageOfPage":{"@id":"https:\/\/grungard.com.tr\/en\/products\/outdoor-box\/#primaryimage"},"image":{"@id":"https:\/\/grungard.com.tr\/en\/products\/outdoor-box\/#primaryimage"},"thumbnailUrl":"https:\/\/tr.grungard.com\/wp-content\/uploads\/outdoor-box.png","datePublished":"2024-03-06T07:23:59+00:00","dateModified":"2025-12-18T08:48:37+00:00","description":"Outdoor enclosure - a water- and dust-resistant protective case. Safely protect your 9V\/24V irrigation devices outdoors. Easy installation, extra security!","breadcrumb":{"@id":"https:\/\/grungard.com.tr\/en\/products\/outdoor-box\/#breadcrumb"},"inLanguage":"en-US","potentialAction":[{"@type":"ReadAction","target":["https:\/\/grungard.com.tr\/en\/products\/outdoor-box\/"]}]},{"@type":"ImageObject","inLanguage":"en-US","@id":"https:\/\/grungard.com.tr\/en\/products\/outdoor-box\/#primaryimage","url":"https:\/\/tr.grungard.com\/wp-content\/uploads\/outdoor-box.png","contentUrl":"https:\/\/tr.grungard.com\/wp-content\/uploads\/outdoor-box.png","width":1000,"height":1000},{"@type":"BreadcrumbList","@id":"https:\/\/grungard.com.tr\/en\/products\/outdoor-box\/#breadcrumb","itemListElement":[{"@type":"ListItem","position":1,"name":"Home","item":"https:\/\/grungard.com.tr\/en\/"},{"@type":"ListItem","position":2,"name":"\u00dcr\u00fcnler","item":"https:\/\/grungard.com.tr\/en\/shop\/"},{"@type":"ListItem","position":3,"name":"Outdoor Box"}]},{"@type":"WebSite","@id":"https:\/\/grungard.com.tr\/#website","url":"https:\/\/grungard.com.tr\/","name":"Gr\u00fcngard","description":"Ak\u0131ll\u0131 Sulama Kontrol Sistemleri","publisher":{"@id":"https:\/\/grungard.com.tr\/#organization"},"potentialAction":[{"@type":"SearchAction","target":{"@type":"EntryPoint","urlTemplate":"https:\/\/grungard.com.tr\/?s={search_term_string}"},"query-input":{"@type":"PropertyValueSpecification","valueRequired":true,"valueName":"search_term_string"}}],"inLanguage":"en-US"},{"@type":"Organization","@id":"https:\/\/grungard.com.tr\/#organization","name":"Gr\u00fcngard","url":"https:\/\/grungard.com.tr\/","logo":{"@type":"ImageObject","inLanguage":"en-US","@id":"https:\/\/grungard.com.tr\/#\/schema\/logo\/image\/","url":"https:\/\/grungard.com\/wp-content\/uploads\/Grungard_logo_ok.jpg","contentUrl":"https:\/\/grungard.com\/wp-content\/uploads\/Grungard_logo_ok.jpg","width":439,"height":123,"caption":"Gr\u00fcngard"},"image":{"@id":"https:\/\/grungard.com.tr\/#\/schema\/logo\/image\/"},"sameAs":["https:\/\/www.facebook.com\/GrungardTR","https:\/\/x.com\/GrungardTR","https:\/\/www.linkedin.com\/company\/grngard\/","https:\/\/www.instagram.com\/grungard_tr"]}]}},"_links":{"self":[{"href":"https:\/\/tr.grungard.com\/en\/wp-json\/wp\/v2\/product\/2229","targetHints":{"allow":["GET"]}}],"collection":[{"href":"https:\/\/tr.grungard.com\/en\/wp-json\/wp\/v2\/product"}],"about":[{"href":"https:\/\/tr.grungard.com\/en\/wp-json\/wp\/v2\/types\/product"}],"wp:featuredmedia":[{"embeddable":true,"href":"https:\/\/tr.grungard.com\/en\/wp-json\/wp\/v2\/media\/1806"}],"wp:attachment":[{"href":"https:\/\/tr.grungard.com\/en\/wp-json\/wp\/v2\/media?parent=2229"}],"wp:term":[{"taxonomy":"product_brand","embeddable":true,"href":"https:\/\/tr.grungard.com\/en\/wp-json\/wp\/v2\/product_brand?post=2229"},{"taxonomy":"product_cat","embeddable":true,"href":"https:\/\/tr.grungard.com\/en\/wp-json\/wp\/v2\/product_cat?post=2229"},{"taxonomy":"product_tag","embeddable":true,"href":"https:\/\/tr.grungard.com\/en\/wp-json\/wp\/v2\/product_tag?post=2229"}],"curies":[{"name":"wp","href":"https:\/\/api.w.org\/{rel}","templated":true}]}}