{"id":3075,"date":"2024-10-29T03:04:17","date_gmt":"2024-10-29T03:04:17","guid":{"rendered":"http:\/\/54.93.101.95\/site-terms-of-use\/"},"modified":"2024-10-29T03:04:17","modified_gmt":"2024-10-29T03:04:17","slug":"site-terms-of-use","status":"publish","type":"page","link":"https:\/\/tr.grungard.com\/en\/site-terms-of-use\/","title":{"rendered":"Site Terms of Use"},"content":{"rendered":"<h3><b>Site Terms of Use<\/b><\/h3>\n<p><span style=\"font-weight: 400;\">Ak\u0131ll\u0131 Elektronik A.\u015e.<\/span><a href=\"http:\/\/www.grungard.com\"> &#8220;<span style=\"font-weight: 400;\">www.grungard.com&#8221;<\/span><\/a><span style=\"font-weight: 400;\"> information on their responsibilities, legal rights and user rights regarding the website:<\/span><\/p>\n<p><b>Copyrights<\/b><b><br \/>\n<\/b><span style=\"font-weight: 400;\">The copyright of the information, drawings, images and all arrangements contained in this website belongs entirely to Ak\u0131ll\u0131 Elektronik A.\u015e. unless otherwise stated. The contents may not be distributed, rented, reproduced or used for commercial purposes without the written permission of Ak\u0131ll\u0131 Elektronik A.\u015e. However, it can be quoted by citing the source.<\/span><\/p>\n<p><b>Limitation of Liability<\/b><b><br \/>\n<\/b><span style=\"font-weight: 400;\">If available, your e-mail address or phone number used for registration will only be used to send information messages about activation and your membership, to provide notifications about the shipping, delivery, return procedures of the products you have purchased and the software required to use the products. This information will not be shared with third parties without legal obligations or your consent. <\/span><\/p>\n<p><b>Protection of Personal Data<\/b><b><br \/>\n<\/b><span style=\"font-weight: 400;\">Ak\u0131ll\u0131 Elektronik A.\u015e. will process your personal information in accordance with data protection regulations such as KVKK and GDPR. Measures are taken to protect user data in accordance with legal requirements.<\/span><\/p>\n<p><b>User Rights<\/b><b><br \/>\n<\/b><span style=\"font-weight: 400;\">Users have the right to request, update or delete their personal data. Users who wish to benefit from these rights may submit their requests through the specified communication channels. <\/span><\/p>\n<p><b>Cookie Policy<\/b><b><br \/>\n<\/b><span style=\"font-weight: 400;\">This site uses cookies to improve the user experience. Users can manage their cookie preferences through their browser settings and limit the use if they do not agree. <\/span><\/p>\n<p><b>Updates<\/b><b><br \/>\n<\/b><span style=\"font-weight: 400;\">Ak\u0131ll\u0131 Elektronik A.\u015e. reserves the right to make changes to the site content and terms of use. Users are advised to review this page periodically for such updates.<\/span><\/p>\n<p><b>Connections and Risks<\/b><b><br \/>\n<\/b><span style=\"font-weight: 400;\">The accuracy of external links on the site has not been verified by Smart Electronics Inc. The use of the links is the responsibility of the user.<\/span><\/p>\n","protected":false},"excerpt":{"rendered":"<p>Site Terms of Use Ak\u0131ll\u0131 Elektronik A.\u015e. &#8220;www.grungard.com&#8221; information on their responsibilities, legal rights and user rights regarding the website:<\/p>\n","protected":false},"author":2,"featured_media":0,"parent":0,"menu_order":0,"comment_status":"closed","ping_status":"closed","template":"","meta":{"footnotes":""},"class_list":["post-3075","page","type-page","status-publish","hentry"],"yoast_head":"<!-- This site is optimized with the Yoast SEO Premium plugin v26.6 (Yoast SEO v27.5) - https:\/\/yoast.com\/product\/yoast-seo-premium-wordpress\/ -->\n<title>Site Terms of Use - Gr\u00fcngard<\/title>\n<meta name=\"robots\" content=\"index, follow, max-snippet:-1, max-image-preview:large, max-video-preview:-1\" \/>\n<link rel=\"canonical\" href=\"https:\/\/blt.grungard.com\/en\/site-terms-of-use\/\" \/>\n<meta property=\"og:locale\" content=\"en_US\" \/>\n<meta property=\"og:type\" content=\"article\" \/>\n<meta property=\"og:title\" content=\"Site Terms of Use\" \/>\n<meta property=\"og:description\" content=\"Site Terms of Use Ak\u0131ll\u0131 Elektronik A.\u015e. &#8220;www.grungard.com&#8221; information on their responsibilities, legal rights and user rights regarding the website:\" \/>\n<meta property=\"og:url\" content=\"https:\/\/blt.grungard.com\/en\/site-terms-of-use\/\" \/>\n<meta property=\"og:site_name\" content=\"Gr\u00fcngard\" \/>\n<meta property=\"article:publisher\" content=\"https:\/\/www.facebook.com\/GrungardTR\" \/>\n<meta name=\"twitter:card\" content=\"summary_large_image\" \/>\n<meta name=\"twitter:site\" content=\"@GrungardTR\" \/>\n<meta name=\"twitter:label1\" content=\"Est. reading time\" \/>\n\t<meta name=\"twitter:data1\" content=\"2 minutes\" \/>\n<script type=\"application\/ld+json\" class=\"yoast-schema-graph\">{\"@context\":\"https:\\\/\\\/schema.org\",\"@graph\":[{\"@type\":\"WebPage\",\"@id\":\"https:\\\/\\\/blt.grungard.com\\\/en\\\/site-terms-of-use\\\/\",\"url\":\"https:\\\/\\\/blt.grungard.com\\\/en\\\/site-terms-of-use\\\/\",\"name\":\"Site Terms of Use - Gr\u00fcngard\",\"isPartOf\":{\"@id\":\"https:\\\/\\\/blt.grungard.com\\\/en\\\/#website\"},\"datePublished\":\"2024-10-29T03:04:17+00:00\",\"breadcrumb\":{\"@id\":\"https:\\\/\\\/blt.grungard.com\\\/en\\\/site-terms-of-use\\\/#breadcrumb\"},\"inLanguage\":\"en-US\",\"potentialAction\":[{\"@type\":\"ReadAction\",\"target\":[\"https:\\\/\\\/blt.grungard.com\\\/en\\\/site-terms-of-use\\\/\"]}]},{\"@type\":\"BreadcrumbList\",\"@id\":\"https:\\\/\\\/blt.grungard.com\\\/en\\\/site-terms-of-use\\\/#breadcrumb\",\"itemListElement\":[{\"@type\":\"ListItem\",\"position\":1,\"name\":\"Home\",\"item\":\"https:\\\/\\\/blt.grungard.com\\\/en\\\/\"},{\"@type\":\"ListItem\",\"position\":2,\"name\":\"Site Terms of Use\"}]},{\"@type\":\"WebSite\",\"@id\":\"https:\\\/\\\/blt.grungard.com\\\/en\\\/#website\",\"url\":\"https:\\\/\\\/blt.grungard.com\\\/en\\\/\",\"name\":\"Gr\u00fcngard\",\"description\":\"Ak\u0131ll\u0131 Sulama Kontrol Sistemleri\",\"publisher\":{\"@id\":\"https:\\\/\\\/blt.grungard.com\\\/en\\\/#organization\"},\"potentialAction\":[{\"@type\":\"SearchAction\",\"target\":{\"@type\":\"EntryPoint\",\"urlTemplate\":\"https:\\\/\\\/blt.grungard.com\\\/en\\\/?s={search_term_string}\"},\"query-input\":{\"@type\":\"PropertyValueSpecification\",\"valueRequired\":true,\"valueName\":\"search_term_string\"}}],\"inLanguage\":\"en-US\"},{\"@type\":\"Organization\",\"@id\":\"https:\\\/\\\/blt.grungard.com\\\/en\\\/#organization\",\"name\":\"Gr\u00fcngard\",\"url\":\"https:\\\/\\\/blt.grungard.com\\\/en\\\/\",\"logo\":{\"@type\":\"ImageObject\",\"inLanguage\":\"en-US\",\"@id\":\"https:\\\/\\\/blt.grungard.com\\\/en\\\/#\\\/schema\\\/logo\\\/image\\\/\",\"url\":\"https:\\\/\\\/grungard.com\\\/wp-content\\\/uploads\\\/Grungard_logo_ok.jpg\",\"contentUrl\":\"https:\\\/\\\/grungard.com\\\/wp-content\\\/uploads\\\/Grungard_logo_ok.jpg\",\"width\":439,\"height\":123,\"caption\":\"Gr\u00fcngard\"},\"image\":{\"@id\":\"https:\\\/\\\/blt.grungard.com\\\/en\\\/#\\\/schema\\\/logo\\\/image\\\/\"},\"sameAs\":[\"https:\\\/\\\/www.facebook.com\\\/GrungardTR\",\"https:\\\/\\\/x.com\\\/GrungardTR\",\"https:\\\/\\\/www.linkedin.com\\\/company\\\/grngard\\\/\",\"https:\\\/\\\/www.instagram.com\\\/grungard_tr\"]}]}<\/script>\n<!-- \/ Yoast SEO Premium plugin. -->","yoast_head_json":{"title":"Site Terms of Use - Gr\u00fcngard","robots":{"index":"index","follow":"follow","max-snippet":"max-snippet:-1","max-image-preview":"max-image-preview:large","max-video-preview":"max-video-preview:-1"},"canonical":"https:\/\/blt.grungard.com\/en\/site-terms-of-use\/","og_locale":"en_US","og_type":"article","og_title":"Site Terms of Use","og_description":"Site Terms of Use Ak\u0131ll\u0131 Elektronik A.\u015e. &#8220;www.grungard.com&#8221; information on their responsibilities, legal rights and user rights regarding the website:","og_url":"https:\/\/blt.grungard.com\/en\/site-terms-of-use\/","og_site_name":"Gr\u00fcngard","article_publisher":"https:\/\/www.facebook.com\/GrungardTR","twitter_card":"summary_large_image","twitter_site":"@GrungardTR","twitter_misc":{"Est. reading time":"2 minutes"},"schema":{"@context":"https:\/\/schema.org","@graph":[{"@type":"WebPage","@id":"https:\/\/blt.grungard.com\/en\/site-terms-of-use\/","url":"https:\/\/blt.grungard.com\/en\/site-terms-of-use\/","name":"Site Terms of Use - Gr\u00fcngard","isPartOf":{"@id":"https:\/\/blt.grungard.com\/en\/#website"},"datePublished":"2024-10-29T03:04:17+00:00","breadcrumb":{"@id":"https:\/\/blt.grungard.com\/en\/site-terms-of-use\/#breadcrumb"},"inLanguage":"en-US","potentialAction":[{"@type":"ReadAction","target":["https:\/\/blt.grungard.com\/en\/site-terms-of-use\/"]}]},{"@type":"BreadcrumbList","@id":"https:\/\/blt.grungard.com\/en\/site-terms-of-use\/#breadcrumb","itemListElement":[{"@type":"ListItem","position":1,"name":"Home","item":"https:\/\/blt.grungard.com\/en\/"},{"@type":"ListItem","position":2,"name":"Site Terms of Use"}]},{"@type":"WebSite","@id":"https:\/\/blt.grungard.com\/en\/#website","url":"https:\/\/blt.grungard.com\/en\/","name":"Gr\u00fcngard","description":"Ak\u0131ll\u0131 Sulama Kontrol Sistemleri","publisher":{"@id":"https:\/\/blt.grungard.com\/en\/#organization"},"potentialAction":[{"@type":"SearchAction","target":{"@type":"EntryPoint","urlTemplate":"https:\/\/blt.grungard.com\/en\/?s={search_term_string}"},"query-input":{"@type":"PropertyValueSpecification","valueRequired":true,"valueName":"search_term_string"}}],"inLanguage":"en-US"},{"@type":"Organization","@id":"https:\/\/blt.grungard.com\/en\/#organization","name":"Gr\u00fcngard","url":"https:\/\/blt.grungard.com\/en\/","logo":{"@type":"ImageObject","inLanguage":"en-US","@id":"https:\/\/blt.grungard.com\/en\/#\/schema\/logo\/image\/","url":"https:\/\/grungard.com\/wp-content\/uploads\/Grungard_logo_ok.jpg","contentUrl":"https:\/\/grungard.com\/wp-content\/uploads\/Grungard_logo_ok.jpg","width":439,"height":123,"caption":"Gr\u00fcngard"},"image":{"@id":"https:\/\/blt.grungard.com\/en\/#\/schema\/logo\/image\/"},"sameAs":["https:\/\/www.facebook.com\/GrungardTR","https:\/\/x.com\/GrungardTR","https:\/\/www.linkedin.com\/company\/grngard\/","https:\/\/www.instagram.com\/grungard_tr"]}]}},"_links":{"self":[{"href":"https:\/\/tr.grungard.com\/en\/wp-json\/wp\/v2\/pages\/3075","targetHints":{"allow":["GET"]}}],"collection":[{"href":"https:\/\/tr.grungard.com\/en\/wp-json\/wp\/v2\/pages"}],"about":[{"href":"https:\/\/tr.grungard.com\/en\/wp-json\/wp\/v2\/types\/page"}],"author":[{"embeddable":true,"href":"https:\/\/tr.grungard.com\/en\/wp-json\/wp\/v2\/users\/2"}],"replies":[{"embeddable":true,"href":"https:\/\/tr.grungard.com\/en\/wp-json\/wp\/v2\/comments?post=3075"}],"version-history":[{"count":0,"href":"https:\/\/tr.grungard.com\/en\/wp-json\/wp\/v2\/pages\/3075\/revisions"}],"wp:attachment":[{"href":"https:\/\/tr.grungard.com\/en\/wp-json\/wp\/v2\/media?parent=3075"}],"curies":[{"name":"wp","href":"https:\/\/api.w.org\/{rel}","templated":true}]}}