{"id":2583,"date":"2024-05-01T06:37:58","date_gmt":"2024-05-01T06:37:58","guid":{"rendered":"http:\/\/54.93.101.95\/under-development\/"},"modified":"2024-05-01T07:10:54","modified_gmt":"2024-05-01T07:10:54","slug":"under-development","status":"publish","type":"page","link":"https:\/\/tr.grungard.com\/en\/under-development\/","title":{"rendered":"Under Development"},"content":{"rendered":"<div class=\"wpb-content-wrapper\"><p>[vc_section content_placement=&#8221;middle&#8221; woodmart_stretch_content=&#8221;section-stretch&#8221; woodmart_css_id=&#8221;6631e4b5f2c21&#8243; responsive_spacing=&#8221;eyJwYXJhbV90eXBlIjoid29vZG1hcnRfcmVzcG9uc2l2ZV9zcGFjaW5nIiwic2VsZWN0b3JfaWQiOiI2NjMxZTRiNWYyYzIxIiwic2hvcnRjb2RlIjoidmNfc2VjdGlvbiIsImRhdGEiOnsidGFibGV0Ijp7fSwibW9iaWxlIjp7Im1hcmdpbi1ib3R0b20iOiItMTIycHgifX19&#8243; mobile_bg_img_hidden=&#8221;no&#8221; tablet_bg_img_hidden=&#8221;no&#8221; woodmart_parallax=&#8221;0&#8243; woodmart_gradient_switch=&#8221;no&#8221; woodmart_box_shadow=&#8221;no&#8221; wd_z_index=&#8221;no&#8221; woodmart_disable_overflow=&#8221;0&#8243; css=&#8221;.vc_custom_1714545860815{margin-bottom: -102px !important;padding-top: 150px !important;padding-bottom: 190px !important;background-image: url(https:\/\/www.grungard.com\/wp-content\/uploads\/under-development-bg.png?id=2571) !important;background-position: center !important;background-repeat: no-repeat !important;background-size: cover !important;}&#8221;][vc_row woodmart_css_id=&#8221;661799f081ce6&#8243; responsive_spacing=&#8221;eyJwYXJhbV90eXBlIjoid29vZG1hcnRfcmVzcG9uc2l2ZV9zcGFjaW5nIiwic2VsZWN0b3JfaWQiOiI2NjE3OTlmMDgxY2U2Iiwic2hvcnRjb2RlIjoidmNfcm93IiwiZGF0YSI6eyJ0YWJsZXQiOnt9LCJtb2JpbGUiOnt9fX0=&#8221; mobile_bg_img_hidden=&#8221;no&#8221; tablet_bg_img_hidden=&#8221;no&#8221; woodmart_parallax=&#8221;0&#8243; woodmart_gradient_switch=&#8221;no&#8221; woodmart_box_shadow=&#8221;no&#8221; wd_z_index=&#8221;no&#8221; woodmart_disable_overflow=&#8221;0&#8243; row_reverse_mobile=&#8221;0&#8243; row_reverse_tablet=&#8221;0&#8243;][vc_column][vc_row_inner woodmart_css_id=&#8221;6631e54326276&#8243; responsive_spacing=&#8221;eyJwYXJhbV90eXBlIjoid29vZG1hcnRfcmVzcG9uc2l2ZV9zcGFjaW5nIiwic2VsZWN0b3JfaWQiOiI2NjMxZTU0MzI2Mjc2Iiwic2hvcnRjb2RlIjoidmNfcm93X2lubmVyIiwiZGF0YSI6eyJ0YWJsZXQiOnt9LCJtb2JpbGUiOnsicGFkZGluZy1yaWdodCI6IjYwcHgiLCJwYWRkaW5nLWxlZnQiOiI2MHB4In19fQ==&#8221; mobile_bg_img_hidden=&#8221;no&#8221; tablet_bg_img_hidden=&#8221;no&#8221; woodmart_parallax=&#8221;0&#8243; woodmart_gradient_switch=&#8221;no&#8221; woodmart_box_shadow=&#8221;no&#8221; wd_z_index=&#8221;no&#8221; woodmart_disable_overflow=&#8221;0&#8243; row_reverse_mobile=&#8221;0&#8243; row_reverse_tablet=&#8221;0&#8243;][vc_column_inner width=&#8221;1\/5&#8243;][\/vc_column_inner][vc_column_inner width=&#8221;1\/5&#8243;][\/vc_column_inner][vc_column_inner width=&#8221;1\/5&#8243;]\t\t<div id=\"wd-6631e2e2d5a49\" class=\"wd-image wd-wpb wd-rs-6631e2e2d5a49 text-center \">\n\t\t\t\n\t\t\t<img decoding=\"async\" width=\"600\" height=\"600\" src=\"data:image\/png;base64,iVBORw0KGgoAAAANSUhEUgAAAAoAAAAKCAYAAACNMs+9AAABgElEQVQY013IT0sbQRyH8e9vZjbuZhOTGIsYRS1YExEDFsSWIB486AtQLz1paW99D4VCj2IP9tyD4IvoqfXQixppoQb\/UQy2ibrubrM7uiY701MvPqcPD\/Cg1a09trZdZQ8\/\/cer7X2SMjJBLE+MBDF2zTmTn148VQBAb45eJrmR6\/MOZ5r8cjBPUGUQo0SPd2aM75REV\/gt06Wa\/MnryQGN9EamvzXcm22ES4KeFx6dz9cLJ4VAJFYyidxMjOSBqLuyPmCFH1TS2pS2rDixP8LvjJH4vuXadv6720ntKeo0xftaiWfbu7PN3KmqFivj3fbEUN5M6YWdz9lozCk\/5v766FVN8mdT5ZW\/rc7bwXt3eJpFVtuzBeQNubWqUewE6bSMij9+0ldeyqAS3MaLSjMzkkq4F7\/g\/z6GjhW8QOBP467fd7yGcK4vt0LfcahFyzdXFiOCBCABhFrrUMVx0I5uvxAArM5NUDZtGaZlAcKMYSQ1t1I6YXejrUi\/2\/iIf8LhoWbBmf9IAAAAAElFTkSuQmCC\" class=\"attachment-medium size-medium wd-lazy-load wd-lazy-fade\" alt=\"\" srcset=\"\" sizes=\"(max-width: 600px) 100vw, 600px\" data-wood-src=\"https:\/\/tr.grungard.com\/wp-content\/uploads\/automatic-irrigation-600x600.png\" data-srcset=\"https:\/\/tr.grungard.com\/wp-content\/uploads\/automatic-irrigation-600x600.png 600w, https:\/\/tr.grungard.com\/wp-content\/uploads\/automatic-irrigation-300x300.png 300w, https:\/\/tr.grungard.com\/wp-content\/uploads\/automatic-irrigation-350x350.png 350w, https:\/\/tr.grungard.com\/wp-content\/uploads\/automatic-irrigation-768x768.png 768w, https:\/\/tr.grungard.com\/wp-content\/uploads\/automatic-irrigation.png 960w\" \/>\n\t\t\t\t\t<\/div>\n\t\t[\/vc_column_inner][vc_column_inner width=&#8221;1\/5&#8243;][\/vc_column_inner][vc_column_inner width=&#8221;1\/5&#8243;][\/vc_column_inner][\/vc_row_inner]\n\t\t<div id=\"wd-6631e30124376\" class=\"title-wrapper wd-wpb set-mb-s reset-last-child  wd-rs-6631e30124376 wd-title-color-default wd-title-style-default text-center h1-custom-title vc_custom_1714545425905 wd-width-enabled wd-underline-colored\" style=\"--wd-max-width: 70%;\">\n\t\t\t\n\t\t\t<div class=\"liner-continer\">\n\t\t\t\t<h1 class=\"woodmart-title-container title  wd-font-weight-700 wd-fontsize-l\" >Oops... The Page Is Under Development<\/h1>\n\t\t\t\t\t\t\t<\/div>\n\t\t\t\n\t\t\t\n\t\t\t\n\t\t<\/div>\n\t\t\n\t\t\t\t<div id=\"wd-6631e368a1f28\" class=\"wd-text-block wd-wpb reset-last-child wd-rs-6631e368a1f28 text-center wd-width-enabled wd-font-weight-500 wd-fontsize-custom vc_custom_1714545518485\" style=\"--wd-max-width: 60%;\">\n\t\t\t<p>Ipsum platea ornare metus risus adipiscing duis justo.<\/p>\n\t\t<\/div>\n\t\t<div id=\"wd-6631e3c9621ed\" class=\" wd-rs-6631e3c9621ed vc_custom_1714545625182 wd-button-wrapper text-center\"><a href=\"\/\" title=\"\" class=\"btn btn-color-primary btn-style-default btn-style-round btn-size-extra-large\">Back to Home<\/a><\/div>[\/vc_column][\/vc_row][\/vc_section]<\/p>\n<\/div>","protected":false},"excerpt":{"rendered":"<p>[vc_section content_placement=&#8221;middle&#8221; woodmart_stretch_content=&#8221;section-stretch&#8221; woodmart_css_id=&#8221;6631e4b5f2c21&#8243; responsive_spacing=&#8221;eyJwYXJhbV90eXBlIjoid29vZG1hcnRfcmVzcG9uc2l2ZV9zcGFjaW5nIiwic2VsZWN0b3JfaWQiOiI2NjMxZTRiNWYyYzIxIiwic2hvcnRjb2RlIjoidmNfc2VjdGlvbiIsImRhdGEiOnsidGFibGV0Ijp7fSwibW9iaWxlIjp7Im1hcmdpbi1ib3R0b20iOiItMTIycHgifX19&#8243; mobile_bg_img_hidden=&#8221;no&#8221; tablet_bg_img_hidden=&#8221;no&#8221; woodmart_parallax=&#8221;0&#8243; woodmart_gradient_switch=&#8221;no&#8221; woodmart_box_shadow=&#8221;no&#8221; wd_z_index=&#8221;no&#8221; woodmart_disable_overflow=&#8221;0&#8243; css=&#8221;.vc_custom_1714545860815{margin-bottom: -102px !important;padding-top: 150px !important;padding-bottom: 190px !important;background-image: url(https:\/\/www.grungard.com\/wp-content\/uploads\/under-development-bg.png?id=2571)<\/p>\n","protected":false},"author":1,"featured_media":0,"parent":0,"menu_order":0,"comment_status":"closed","ping_status":"closed","template":"","meta":{"footnotes":""},"class_list":["post-2583","page","type-page","status-publish","hentry"],"yoast_head":"<!-- This site is optimized with the Yoast SEO Premium plugin v26.6 (Yoast SEO v27.5) - https:\/\/yoast.com\/product\/yoast-seo-premium-wordpress\/ -->\n<title>Under Development - Gr\u00fcngard<\/title>\n<meta name=\"robots\" content=\"index, follow, max-snippet:-1, max-image-preview:large, max-video-preview:-1\" \/>\n<link rel=\"canonical\" href=\"https:\/\/grungard.com.tr\/en\/under-development\/\" \/>\n<meta property=\"og:locale\" content=\"en_US\" \/>\n<meta property=\"og:type\" content=\"article\" \/>\n<meta property=\"og:title\" content=\"Under Development\" \/>\n<meta property=\"og:description\" content=\"[vc_section content_placement=&#8221;middle&#8221; woodmart_stretch_content=&#8221;section-stretch&#8221; woodmart_css_id=&#8221;6631e4b5f2c21&#8243; responsive_spacing=&#8221;eyJwYXJhbV90eXBlIjoid29vZG1hcnRfcmVzcG9uc2l2ZV9zcGFjaW5nIiwic2VsZWN0b3JfaWQiOiI2NjMxZTRiNWYyYzIxIiwic2hvcnRjb2RlIjoidmNfc2VjdGlvbiIsImRhdGEiOnsidGFibGV0Ijp7fSwibW9iaWxlIjp7Im1hcmdpbi1ib3R0b20iOiItMTIycHgifX19&#8243; mobile_bg_img_hidden=&#8221;no&#8221; tablet_bg_img_hidden=&#8221;no&#8221; woodmart_parallax=&#8221;0&#8243; woodmart_gradient_switch=&#8221;no&#8221; woodmart_box_shadow=&#8221;no&#8221; wd_z_index=&#8221;no&#8221; woodmart_disable_overflow=&#8221;0&#8243; css=&#8221;.vc_custom_1714545860815{margin-bottom: -102px !important;padding-top: 150px !important;padding-bottom: 190px !important;background-image: url(https:\/\/www.grungard.com\/wp-content\/uploads\/under-development-bg.png?id=2571)\" \/>\n<meta property=\"og:url\" content=\"https:\/\/grungard.com.tr\/en\/under-development\/\" \/>\n<meta property=\"og:site_name\" content=\"Gr\u00fcngard\" \/>\n<meta property=\"article:publisher\" content=\"https:\/\/www.facebook.com\/GrungardTR\" \/>\n<meta property=\"article:modified_time\" content=\"2024-05-01T07:10:54+00:00\" \/>\n<meta name=\"twitter:card\" content=\"summary_large_image\" \/>\n<meta name=\"twitter:site\" content=\"@GrungardTR\" \/>\n<meta name=\"twitter:label1\" content=\"Est. reading time\" \/>\n\t<meta name=\"twitter:data1\" content=\"4 minutes\" \/>\n<script type=\"application\/ld+json\" class=\"yoast-schema-graph\">{\"@context\":\"https:\\\/\\\/schema.org\",\"@graph\":[{\"@type\":\"WebPage\",\"@id\":\"https:\\\/\\\/grungard.com.tr\\\/en\\\/under-development\\\/\",\"url\":\"https:\\\/\\\/grungard.com.tr\\\/en\\\/under-development\\\/\",\"name\":\"Under Development - Gr\u00fcngard\",\"isPartOf\":{\"@id\":\"https:\\\/\\\/grungard.com.tr\\\/#website\"},\"datePublished\":\"2024-05-01T06:37:58+00:00\",\"dateModified\":\"2024-05-01T07:10:54+00:00\",\"breadcrumb\":{\"@id\":\"https:\\\/\\\/grungard.com.tr\\\/en\\\/under-development\\\/#breadcrumb\"},\"inLanguage\":\"en-US\",\"potentialAction\":[{\"@type\":\"ReadAction\",\"target\":[\"https:\\\/\\\/grungard.com.tr\\\/en\\\/under-development\\\/\"]}]},{\"@type\":\"BreadcrumbList\",\"@id\":\"https:\\\/\\\/grungard.com.tr\\\/en\\\/under-development\\\/#breadcrumb\",\"itemListElement\":[{\"@type\":\"ListItem\",\"position\":1,\"name\":\"Home\",\"item\":\"https:\\\/\\\/grungard.com.tr\\\/en\\\/\"},{\"@type\":\"ListItem\",\"position\":2,\"name\":\"Under Development\"}]},{\"@type\":\"WebSite\",\"@id\":\"https:\\\/\\\/grungard.com.tr\\\/#website\",\"url\":\"https:\\\/\\\/grungard.com.tr\\\/\",\"name\":\"Gr\u00fcngard\",\"description\":\"Ak\u0131ll\u0131 Sulama Kontrol Sistemleri\",\"publisher\":{\"@id\":\"https:\\\/\\\/grungard.com.tr\\\/#organization\"},\"potentialAction\":[{\"@type\":\"SearchAction\",\"target\":{\"@type\":\"EntryPoint\",\"urlTemplate\":\"https:\\\/\\\/grungard.com.tr\\\/?s={search_term_string}\"},\"query-input\":{\"@type\":\"PropertyValueSpecification\",\"valueRequired\":true,\"valueName\":\"search_term_string\"}}],\"inLanguage\":\"en-US\"},{\"@type\":\"Organization\",\"@id\":\"https:\\\/\\\/grungard.com.tr\\\/#organization\",\"name\":\"Gr\u00fcngard\",\"url\":\"https:\\\/\\\/grungard.com.tr\\\/\",\"logo\":{\"@type\":\"ImageObject\",\"inLanguage\":\"en-US\",\"@id\":\"https:\\\/\\\/grungard.com.tr\\\/#\\\/schema\\\/logo\\\/image\\\/\",\"url\":\"https:\\\/\\\/grungard.com\\\/wp-content\\\/uploads\\\/Grungard_logo_ok.jpg\",\"contentUrl\":\"https:\\\/\\\/grungard.com\\\/wp-content\\\/uploads\\\/Grungard_logo_ok.jpg\",\"width\":439,\"height\":123,\"caption\":\"Gr\u00fcngard\"},\"image\":{\"@id\":\"https:\\\/\\\/grungard.com.tr\\\/#\\\/schema\\\/logo\\\/image\\\/\"},\"sameAs\":[\"https:\\\/\\\/www.facebook.com\\\/GrungardTR\",\"https:\\\/\\\/x.com\\\/GrungardTR\",\"https:\\\/\\\/www.linkedin.com\\\/company\\\/grngard\\\/\",\"https:\\\/\\\/www.instagram.com\\\/grungard_tr\"]}]}<\/script>\n<!-- \/ Yoast SEO Premium plugin. -->","yoast_head_json":{"title":"Under Development - Gr\u00fcngard","robots":{"index":"index","follow":"follow","max-snippet":"max-snippet:-1","max-image-preview":"max-image-preview:large","max-video-preview":"max-video-preview:-1"},"canonical":"https:\/\/grungard.com.tr\/en\/under-development\/","og_locale":"en_US","og_type":"article","og_title":"Under Development","og_description":"[vc_section content_placement=&#8221;middle&#8221; woodmart_stretch_content=&#8221;section-stretch&#8221; woodmart_css_id=&#8221;6631e4b5f2c21&#8243; responsive_spacing=&#8221;eyJwYXJhbV90eXBlIjoid29vZG1hcnRfcmVzcG9uc2l2ZV9zcGFjaW5nIiwic2VsZWN0b3JfaWQiOiI2NjMxZTRiNWYyYzIxIiwic2hvcnRjb2RlIjoidmNfc2VjdGlvbiIsImRhdGEiOnsidGFibGV0Ijp7fSwibW9iaWxlIjp7Im1hcmdpbi1ib3R0b20iOiItMTIycHgifX19&#8243; mobile_bg_img_hidden=&#8221;no&#8221; tablet_bg_img_hidden=&#8221;no&#8221; woodmart_parallax=&#8221;0&#8243; woodmart_gradient_switch=&#8221;no&#8221; woodmart_box_shadow=&#8221;no&#8221; wd_z_index=&#8221;no&#8221; woodmart_disable_overflow=&#8221;0&#8243; css=&#8221;.vc_custom_1714545860815{margin-bottom: -102px !important;padding-top: 150px !important;padding-bottom: 190px !important;background-image: url(https:\/\/www.grungard.com\/wp-content\/uploads\/under-development-bg.png?id=2571)","og_url":"https:\/\/grungard.com.tr\/en\/under-development\/","og_site_name":"Gr\u00fcngard","article_publisher":"https:\/\/www.facebook.com\/GrungardTR","article_modified_time":"2024-05-01T07:10:54+00:00","twitter_card":"summary_large_image","twitter_site":"@GrungardTR","twitter_misc":{"Est. reading time":"4 minutes"},"schema":{"@context":"https:\/\/schema.org","@graph":[{"@type":"WebPage","@id":"https:\/\/grungard.com.tr\/en\/under-development\/","url":"https:\/\/grungard.com.tr\/en\/under-development\/","name":"Under Development - Gr\u00fcngard","isPartOf":{"@id":"https:\/\/grungard.com.tr\/#website"},"datePublished":"2024-05-01T06:37:58+00:00","dateModified":"2024-05-01T07:10:54+00:00","breadcrumb":{"@id":"https:\/\/grungard.com.tr\/en\/under-development\/#breadcrumb"},"inLanguage":"en-US","potentialAction":[{"@type":"ReadAction","target":["https:\/\/grungard.com.tr\/en\/under-development\/"]}]},{"@type":"BreadcrumbList","@id":"https:\/\/grungard.com.tr\/en\/under-development\/#breadcrumb","itemListElement":[{"@type":"ListItem","position":1,"name":"Home","item":"https:\/\/grungard.com.tr\/en\/"},{"@type":"ListItem","position":2,"name":"Under Development"}]},{"@type":"WebSite","@id":"https:\/\/grungard.com.tr\/#website","url":"https:\/\/grungard.com.tr\/","name":"Gr\u00fcngard","description":"Ak\u0131ll\u0131 Sulama Kontrol Sistemleri","publisher":{"@id":"https:\/\/grungard.com.tr\/#organization"},"potentialAction":[{"@type":"SearchAction","target":{"@type":"EntryPoint","urlTemplate":"https:\/\/grungard.com.tr\/?s={search_term_string}"},"query-input":{"@type":"PropertyValueSpecification","valueRequired":true,"valueName":"search_term_string"}}],"inLanguage":"en-US"},{"@type":"Organization","@id":"https:\/\/grungard.com.tr\/#organization","name":"Gr\u00fcngard","url":"https:\/\/grungard.com.tr\/","logo":{"@type":"ImageObject","inLanguage":"en-US","@id":"https:\/\/grungard.com.tr\/#\/schema\/logo\/image\/","url":"https:\/\/grungard.com\/wp-content\/uploads\/Grungard_logo_ok.jpg","contentUrl":"https:\/\/grungard.com\/wp-content\/uploads\/Grungard_logo_ok.jpg","width":439,"height":123,"caption":"Gr\u00fcngard"},"image":{"@id":"https:\/\/grungard.com.tr\/#\/schema\/logo\/image\/"},"sameAs":["https:\/\/www.facebook.com\/GrungardTR","https:\/\/x.com\/GrungardTR","https:\/\/www.linkedin.com\/company\/grngard\/","https:\/\/www.instagram.com\/grungard_tr"]}]}},"_links":{"self":[{"href":"https:\/\/tr.grungard.com\/en\/wp-json\/wp\/v2\/pages\/2583","targetHints":{"allow":["GET"]}}],"collection":[{"href":"https:\/\/tr.grungard.com\/en\/wp-json\/wp\/v2\/pages"}],"about":[{"href":"https:\/\/tr.grungard.com\/en\/wp-json\/wp\/v2\/types\/page"}],"author":[{"embeddable":true,"href":"https:\/\/tr.grungard.com\/en\/wp-json\/wp\/v2\/users\/1"}],"replies":[{"embeddable":true,"href":"https:\/\/tr.grungard.com\/en\/wp-json\/wp\/v2\/comments?post=2583"}],"version-history":[{"count":2,"href":"https:\/\/tr.grungard.com\/en\/wp-json\/wp\/v2\/pages\/2583\/revisions"}],"predecessor-version":[{"id":2585,"href":"https:\/\/tr.grungard.com\/en\/wp-json\/wp\/v2\/pages\/2583\/revisions\/2585"}],"wp:attachment":[{"href":"https:\/\/tr.grungard.com\/en\/wp-json\/wp\/v2\/media?parent=2583"}],"curies":[{"name":"wp","href":"https:\/\/api.w.org\/{rel}","templated":true}]}}